{"id":1640,"date":"2020-12-29T17:57:53","date_gmt":"2020-12-29T17:57:53","guid":{"rendered":"https:\/\/www.bronmotos.fr\/?page_id=1640"},"modified":"2021-01-28T16:22:18","modified_gmt":"2021-01-28T16:22:18","slug":"notre-savoir-faire","status":"publish","type":"page","link":"https:\/\/www.bronmotos.fr\/?page_id=1640","title":{"rendered":"Notre savoir-faire"},"content":{"rendered":"\r\n<p>Nous mettons \u00e0 votre service nos 20 ann\u00e9es d&rsquo;exp\u00e9rience dans l&rsquo;entretien, la r\u00e9paration et la pr\u00e9paration de votre moto&#8230;<\/p>\r\n\r\n\r\n\r\n<h3 class=\"has-white-color has-text-color has-background wp-block-heading\" style=\"background-color: #15a300;\">L&rsquo;entretien<\/h3>\r\n\r\n\r\n\r\n<p class=\"has-text-color has-background\" style=\"background-color: #e0dcdc; color: #e33404; font-size: 14px;\"><a href=\"https:\/\/www.bronmotos.fr\/?p=1794&amp;preview=true\">R\u00e9vision dans le respect des pr\u00e9conisations constructeur<\/a><\/p>\r\n\r\n\r\n\r\n<p class=\"has-text-color has-background\" style=\"background-color: #e0dcdc; color: #e33404; font-size: 14px;\"><a href=\"https:\/\/www.bronmotos.fr\/?p=1798\">Fournitures et utilisations de pi\u00e8ces d\u2019origine<\/a><\/p>\r\n\r\n\r\n\r\n<h3 class=\"has-white-color has-text-color has-background wp-block-heading\" style=\"background-color: #15a300;\">Service<\/h3>\r\n\r\n\r\n\r\n<p class=\"has-text-color has-background\" style=\"background-color: #e0dcdc; color: #e33404; font-size: 14px;\"><a href=\"https:\/\/www.bronmotos.fr\/?p=1834\">Plaquettes de frein<\/a><\/p>\r\n\r\n\r\n\r\n<p class=\"has-text-color has-background\" style=\"background-color: #e0dcdc; color: #e33404; font-size: 14px;\"><a href=\"https:\/\/www.bronmotos.fr\/?p=1841&amp;preview=true\">Pneus \/ kit chaine<\/a><\/p>\r\n\r\n\r\n\r\n<p class=\"has-text-align-center has-text-color has-background\" style=\"background-color: #e0dcdc; color: #e33404; font-size: 14px; text-align: left;\"><a href=\"https:\/\/www.bronmotos.fr\/?p=1848\">Contr\u00f4le gratuit des points de s\u00e9curit\u00e9<\/a><\/p>\r\n<p><strong><em>La prise en charge suite \u00e0 une panne ou un accident\u00a0<\/em><\/strong><\/p>\r\n\r\n\r\n\r\n<h3 class=\"has-white-color has-text-color has-background wp-block-heading\" style=\"background-color: #03a300;\">La r\u00e9paration<\/h3>\r\n\r\n\r\n\r\n<p class=\"has-text-align-center has-text-color has-background has-small-font-size\" style=\"background-color: #e0dcdc; color: #e33404;\"><strong><em><a href=\"https:\/\/www.bronmotos.fr\/?p=1854\">M\u00e9canique<\/a> <br \/><\/em><\/strong><\/p>\r\n\r\n\r\n\r\n<p class=\"has-text-color has-background\" style=\"background-color: #e0dcdc; color: #e33404; font-size: 14px;\"><a href=\"https:\/\/www.bronmotos.fr\/?p=1900&amp;preview=true\">R\u00e9fection moteur<\/a><\/p>\r\n\r\n\r\n\r\n<p class=\"has-text-align-center has-text-color has-background has-small-font-size\" style=\"background-color: #e0dcdc; color: #e33404;\"><a href=\"https:\/\/www.bronmotos.fr\/?p=1861\"><strong><em>Chassis, cadres, r\u00e9servoir, freins, roues<\/em><\/strong><\/a><\/p>\r\n\r\n\r\n\r\n<p class=\"has-text-color has-background\" style=\"background-color: #e0dcdc; color: #e33404; font-size: 14px;\">Toutes pannes<\/p>\r\n\r\n\r\n\r\n<h3 class=\"has-white-color has-text-color has-background wp-block-heading\" style=\"background-color: #03a300;\">Gestion des sinistres<\/h3>\r\n\r\n\r\n\r\n<p class=\"has-text-color has-background\" style=\"background-color: #e0dcdc; color: #e33404; font-size: 14px;\">Suivie des experts<\/p>\r\n\r\n\r\n\r\n<p class=\"has-text-color has-background\" style=\"background-color: #e0dcdc; color: #e33404; font-size: 14px;\">Passage au marbre<\/p>\r\n\r\n\r\n\r\n<p class=\"has-text-color has-background\" style=\"background-color: #e0dcdc; color: #e33404; font-size: 14px;\"><a href=\"https:\/\/www.bronmotos.fr\/?p=1877\">Toutes soudures : acier, alu, inox<\/a><\/p>\r\n\r\n\r\n\r\n<p class=\"has-text-color has-background\" style=\"background-color: #e0dcdc; color: #e33404; font-size: 14px;\"><a href=\"https:\/\/www.bronmotos.fr\/?p=1766\">Anodisation, polissage, usinage&#8230;<\/a><\/p>\r\n\r\n\r\n\r\n<p class=\"has-text-color has-background\" style=\"background-color: #e0dcdc; color: #e33404; font-size: 14px;\"><a href=\"https:\/\/www.bronmotos.fr\/?p=1924\">Peintures<\/a><\/p>\r\n\r\n\r\n\r\n<p class=\"has-text-color has-background\" style=\"background-color: #e0dcdc; color: #e33404; font-size: 14px;\">La remise en route, les ultrasons.<\/p>\r\n\r\n\r\n\r\n<h3 class=\"has-white-color has-text-color has-background wp-block-heading\" style=\"background-color: #03a300;\">A la carte<\/h3>\r\n\r\n\r\n\r\n<p class=\"has-text-align-center has-text-color has-background has-small-font-size\" style=\"background-color: #e0dcdc; color: #e33404;\"><strong><em>Route<\/em><\/strong><\/p>\r\n\r\n\r\n\r\n<p class=\"has-text-color has-background\" style=\"background-color: #e0dcdc; color: #e33404; font-size: 14px;\">Alarme \/ Gravage I.C.A.<\/p>\r\n\r\n\r\n\r\n<p class=\"has-text-color has-background\" style=\"background-color: #e0dcdc; color: #e33404; font-size: 14px;\"><a href=\"https:\/\/www.bronmotos.fr\/?p=1895\">Amortisseurs sur mesure<\/a><\/p>\r\n\r\n\r\n\r\n<p class=\"has-text-color has-background\" style=\"background-color: #e0dcdc; color: #e33404; font-size: 14px;\">Bridage A2 \/ D\u00e9bridage<\/p>\r\n\r\n\r\n\r\n<p class=\"has-text-align-center has-text-color has-background has-small-font-size\" style=\"background-color: #e0dcdc; color: #e33404; font-size: 14px;\"><a href=\"https:\/\/www.bronmotos.fr\/?p=1816\"><strong><em>Piste<\/em><\/strong><\/a><\/p>\r\n\r\n\r\n\r\n<p class=\"has-text-color has-background\" style=\"background-color: #e0dcdc; color: #e33404; font-size: 14px;\"><a href=\"https:\/\/www.bronmotos.fr\/?p=1891\">Optimisation moteur<\/a><\/p>\r\n\r\n\r\n\r\n<p class=\"has-text-color has-background\" style=\"background-color: #e0dcdc; color: #e33404; font-size: 14px;\">Re-programmation boitier<\/p>\r\n\r\n\r\n\r\n<p class=\"has-text-align-center has-text-color has-background has-small-font-size\" style=\"background-color: #e0dcdc; color: #e33404; font-size: 14px;\"><em><strong>Personnalisation<\/strong><\/em><\/p>\r\n\r\n\r\n\r\n<p class=\"has-text-color has-background\" style=\"background-color: #e0dcdc; color: #e33404; font-size: 14px;\"><a href=\"https:\/\/www.bronmotos.fr\/?p=1906&amp;preview=true\">Modifications \u00e0 la demande<\/a><\/p>\r\n\r\n\r\n\r\n<p class=\"has-text-color has-background\" style=\"background-color: #e0dcdc; color: #e33404; font-size: 14px;\"><a href=\"https:\/\/www.bronmotos.fr\/?p=1780\">Accessoires : ZARD, QS, GPS, Indicateurs de vitesse, syst\u00e8mes frein B\u00e9ringer&#8230;<\/a><\/p>\r\n\r\n\r\n\r\n<p class=\"has-text-color has-background\" style=\"background-color: #e0dcdc; color: #e33404; font-size: 14px;\"><a href=\"https:\/\/www.bronmotos.fr\/?p=1914\">Selle personnalis\u00e9e \/ Biplace \/ changement de hauteur<\/a><\/p>\r\n\r\n\r\n\r\n<p class=\"has-text-color has-background\" style=\"background-color: #e0dcdc; color: #e33404; font-size: 14px;\"><a href=\"https:\/\/www.bronmotos.fr\/?p=1822\">Peinture laque et epoxy<\/a><\/p>\r\n\r\n\r\n\r\n<p class=\"has-text-color has-background\" style=\"background-color: #e0dcdc; color: #e33404; font-size: 14px;\">Sablage \/ polissage<\/p>\r\n\r\n\r\n\r\n<h3 class=\"has-white-color has-text-color has-background wp-block-heading\" style=\"background-color: #03a300;\">Ventes<\/h3>\r\n\r\n\r\n\r\n<p class=\"has-text-color has-background\" style=\"background-color: #e0dcdc; color: #e33404; font-size: 14px;\">Toutes marques, neuves et occasions<\/p>\r\n\r\n\r\n\r\n<div class=\"wp-block-image\">\r\n<p><img loading=\"lazy\" decoding=\"async\" class=\"size-full wp-image-1750 aligncenter\" src=\"https:\/\/www.bronmotos.fr\/wp-content\/uploads\/2021\/01\/atelier-2021.jpg\" alt=\"\" width=\"1024\" height=\"575\" \/><\/p>\r\n<\/div>\r\n","protected":false},"excerpt":{"rendered":"<p>Nous mettons \u00e0 votre service nos 20 ann\u00e9es d&rsquo;exp\u00e9rience dans l&rsquo;entretien, la r\u00e9paration et la pr\u00e9paration de votre moto&#8230; L&rsquo;entretien R\u00e9vision dans le respect des pr\u00e9conisations constructeur Fournitures et utilisations de pi\u00e8ces d\u2019origine Service Plaquettes de frein Pneus \/ kit&#8230; <a class=\"more-link\" href=\"https:\/\/www.bronmotos.fr\/?page_id=1640\">Continue Reading &rarr;<\/a><\/p>\n","protected":false},"author":3,"featured_media":1648,"parent":0,"menu_order":0,"comment_status":"closed","ping_status":"closed","template":"","meta":{"ngg_post_thumbnail":0,"footnotes":""},"categories":[],"tags":[],"class_list":["post-1640","page","type-page","status-publish","has-post-thumbnail","hentry"],"_links":{"self":[{"href":"https:\/\/www.bronmotos.fr\/index.php?rest_route=\/wp\/v2\/pages\/1640","targetHints":{"allow":["GET"]}}],"collection":[{"href":"https:\/\/www.bronmotos.fr\/index.php?rest_route=\/wp\/v2\/pages"}],"about":[{"href":"https:\/\/www.bronmotos.fr\/index.php?rest_route=\/wp\/v2\/types\/page"}],"author":[{"embeddable":true,"href":"https:\/\/www.bronmotos.fr\/index.php?rest_route=\/wp\/v2\/users\/3"}],"replies":[{"embeddable":true,"href":"https:\/\/www.bronmotos.fr\/index.php?rest_route=%2Fwp%2Fv2%2Fcomments&post=1640"}],"version-history":[{"count":41,"href":"https:\/\/www.bronmotos.fr\/index.php?rest_route=\/wp\/v2\/pages\/1640\/revisions"}],"predecessor-version":[{"id":1931,"href":"https:\/\/www.bronmotos.fr\/index.php?rest_route=\/wp\/v2\/pages\/1640\/revisions\/1931"}],"wp:featuredmedia":[{"embeddable":true,"href":"https:\/\/www.bronmotos.fr\/index.php?rest_route=\/wp\/v2\/media\/1648"}],"wp:attachment":[{"href":"https:\/\/www.bronmotos.fr\/index.php?rest_route=%2Fwp%2Fv2%2Fmedia&parent=1640"}],"wp:term":[{"taxonomy":"category","embeddable":true,"href":"https:\/\/www.bronmotos.fr\/index.php?rest_route=%2Fwp%2Fv2%2Fcategories&post=1640"},{"taxonomy":"post_tag","embeddable":true,"href":"https:\/\/www.bronmotos.fr\/index.php?rest_route=%2Fwp%2Fv2%2Ftags&post=1640"}],"curies":[{"name":"wp","href":"https:\/\/api.w.org\/{rel}","templated":true}]}}