{"id":1961,"date":"2021-01-28T17:22:18","date_gmt":"2021-01-28T17:22:18","guid":{"rendered":"https:\/\/www.bronmotos.fr\/?page_id=1961"},"modified":"2021-01-28T18:45:37","modified_gmt":"2021-01-28T18:45:37","slug":"insolite","status":"publish","type":"page","link":"https:\/\/www.bronmotos.fr\/?page_id=1961","title":{"rendered":"Insolite !"},"content":{"rendered":"<div id=\"attachment_1963\" style=\"width: 264px\" class=\"wp-caption aligncenter\"><img loading=\"lazy\" decoding=\"async\" aria-describedby=\"caption-attachment-1963\" class=\"wp-image-1963\" src=\"https:\/\/www.bronmotos.fr\/wp-content\/uploads\/2021\/01\/IMG_0069.jpg\" alt=\"\" width=\"254\" height=\"190\" \/><p id=\"caption-attachment-1963\" class=\"wp-caption-text\">G\u00e9rard dans le stand\u00a0 de Checa sur SBK Ducati 1198 \u00e0 Magny-Cours<\/p><\/div>\n<p><img loading=\"lazy\" decoding=\"async\" class=\"wp-image-1962 \" src=\"https:\/\/www.bronmotos.fr\/wp-content\/uploads\/2021\/01\/IMG_0096.jpg\" alt=\"\" width=\"416\" height=\"312\" \/><\/p>\n<p><img loading=\"lazy\" decoding=\"async\" class=\"wp-image-1965 alignright\" src=\"https:\/\/www.bronmotos.fr\/wp-content\/uploads\/2021\/01\/IMG_0095.jpg\" alt=\"\" width=\"401\" height=\"300\" \/><\/p>\n<p>&nbsp;<\/p>\n<div id=\"attachment_1971\" style=\"width: 634px\" class=\"wp-caption aligncenter\"><img loading=\"lazy\" decoding=\"async\" aria-describedby=\"caption-attachment-1971\" class=\"wp-image-1971\" src=\"https:\/\/www.bronmotos.fr\/wp-content\/uploads\/2021\/01\/MHR.jpg\" alt=\"\" width=\"624\" height=\"468\" \/><p id=\"caption-attachment-1971\" class=\"wp-caption-text\">Splendide MHR<\/p><\/div>\n<div id=\"attachment_1975\" style=\"width: 633px\" class=\"wp-caption aligncenter\"><img loading=\"lazy\" decoding=\"async\" aria-describedby=\"caption-attachment-1975\" class=\"wp-image-1975\" src=\"https:\/\/www.bronmotos.fr\/wp-content\/uploads\/2021\/01\/3-sports-GT-1.jpg\" alt=\"\" width=\"623\" height=\"467\" \/><p id=\"caption-attachment-1975\" class=\"wp-caption-text\">3 magnifiques GT Sport chez Bron Motos<\/p><\/div>\n<div id=\"attachment_1972\" style=\"width: 636px\" class=\"wp-caption aligncenter\"><img loading=\"lazy\" decoding=\"async\" aria-describedby=\"caption-attachment-1972\" class=\"wp-image-1972\" src=\"https:\/\/www.bronmotos.fr\/wp-content\/uploads\/2021\/01\/ales.jpg\" alt=\"\" width=\"626\" height=\"469\" \/><p id=\"caption-attachment-1972\" class=\"wp-caption-text\">G\u00e9rard avec R\u00e9gis Laconi \u00e0 Al\u00e8s<\/p><\/div>\n<p>&nbsp;<\/p>\n<p>&nbsp;<\/p>\n<p>&nbsp;<\/p>\n","protected":false},"excerpt":{"rendered":"<p>&nbsp; &nbsp; &nbsp; &nbsp;<\/p>\n","protected":false},"author":3,"featured_media":0,"parent":0,"menu_order":0,"comment_status":"closed","ping_status":"closed","template":"","meta":{"ngg_post_thumbnail":0,"footnotes":""},"categories":[125],"tags":[],"class_list":["post-1961","page","type-page","status-publish","hentry","category-insolite"],"_links":{"self":[{"href":"https:\/\/www.bronmotos.fr\/index.php?rest_route=\/wp\/v2\/pages\/1961","targetHints":{"allow":["GET"]}}],"collection":[{"href":"https:\/\/www.bronmotos.fr\/index.php?rest_route=\/wp\/v2\/pages"}],"about":[{"href":"https:\/\/www.bronmotos.fr\/index.php?rest_route=\/wp\/v2\/types\/page"}],"author":[{"embeddable":true,"href":"https:\/\/www.bronmotos.fr\/index.php?rest_route=\/wp\/v2\/users\/3"}],"replies":[{"embeddable":true,"href":"https:\/\/www.bronmotos.fr\/index.php?rest_route=%2Fwp%2Fv2%2Fcomments&post=1961"}],"version-history":[{"count":9,"href":"https:\/\/www.bronmotos.fr\/index.php?rest_route=\/wp\/v2\/pages\/1961\/revisions"}],"predecessor-version":[{"id":1981,"href":"https:\/\/www.bronmotos.fr\/index.php?rest_route=\/wp\/v2\/pages\/1961\/revisions\/1981"}],"wp:attachment":[{"href":"https:\/\/www.bronmotos.fr\/index.php?rest_route=%2Fwp%2Fv2%2Fmedia&parent=1961"}],"wp:term":[{"taxonomy":"category","embeddable":true,"href":"https:\/\/www.bronmotos.fr\/index.php?rest_route=%2Fwp%2Fv2%2Fcategories&post=1961"},{"taxonomy":"post_tag","embeddable":true,"href":"https:\/\/www.bronmotos.fr\/index.php?rest_route=%2Fwp%2Fv2%2Ftags&post=1961"}],"curies":[{"name":"wp","href":"https:\/\/api.w.org\/{rel}","templated":true}]}}