{"id":2,"date":"2013-01-21T16:23:08","date_gmt":"2013-01-21T16:23:08","guid":{"rendered":"http:\/\/www.bronmotos.loc\/?page_id=2"},"modified":"2021-01-28T17:10:55","modified_gmt":"2021-01-28T17:10:55","slug":"notre-activite","status":"publish","type":"page","link":"https:\/\/www.bronmotos.fr\/?page_id=2","title":{"rendered":"Notre histoire"},"content":{"rendered":"<p><img loading=\"lazy\" decoding=\"async\" class=\"wp-image-1753 alignleft\" src=\"https:\/\/www.bronmotos.fr\/wp-content\/uploads\/2021\/01\/photo-madeleine-pradier-gerard-poupault-photo-madeleine-pradier-1507662419.jpg\" alt=\"\" width=\"382\" height=\"286\" \/><\/p>\r\n\r\n<ul class=\"has-white-color has-black-background-color has-text-color has-background wp-block-list\">\r\n<li>\r\n<pre>Bron Motos a \u00e9t\u00e9 cr\u00e9\u00e9 le 17 Mars 2011. A l'initiative de Bron Motos, il y a\u00a0 <a href=\"https:\/\/www.leprogres.fr\/rhone\/2013\/09\/10\/gerard-poupault-une-passion-vrombissante-pour-la-moto\">G\u00e9rard Poupault<\/a>, fondateur et passionn\u00e9 de 2 roues...Voil\u00e0 r\u00e9sum\u00e9es quelques \u00e9tapes de son parcours au service de la moto :<\/pre>\r\n<ul>\r\n<li>\r\n<pre>Championnat d'Europe et championnat du monde 250 (sur HONDA, APRILIA) d\u00e8s 1989;<\/pre>\r\n<\/li>\r\n<li>\r\n<pre>Championnat du monde 500 sur YAMAHA Roc et Honda V2 (pilote F. Protat);<\/pre>\r\n<\/li>\r\n<li>\r\n<pre>Championnat du France Superbike sur DUCATI 999 (2004) F.P. Racing;<\/pre>\r\n<\/li>\r\n<li>\r\n<pre>Moto tour 2005 sur DUCATI Multistrada pour l'importateur;<\/pre>\r\n<\/li>\r\n<li>\r\n<pre>Responsable atelier DUCATI Lyon de 2004 \u00e0 2008;<\/pre>\r\n<\/li>\r\n<li>\r\n<pre>24H du Mans sur DUCATI 1098R pour le Ducati Endurance Racing Team;<\/pre>\r\n<\/li>\r\n<li>\r\n<pre>Participation au mondial Superbike sur 1198RS \u00e0 Magny Cours (T. Mulot);<\/pre>\r\n<\/li>\r\n<li>\r\n<pre>Jubil\u00e9 R. Laconi \u00e0 Al\u00e8s (Scorpion Masters) 2010 DFX Corse #55;<\/pre>\r\n<\/li>\r\n<li>\r\n<pre>G\u00e9rard Poupault participe, depuis sa cr\u00e9ation,\u00e0 la vie du <a href=\"http:\/\/www.desmoclublyon.com\">Desmo Club Lyon;<\/a><\/pre>\r\n<\/li>\r\n<\/ul>\r\n<\/li>\r\n<\/ul>\r\n<p>&nbsp;<\/p>\r\n<p>&nbsp;<\/p>\r\n\r\n\r\n\r\n<div class=\"wp-block-image\">\r\n<figure class=\"aligncenter size-large is-resized\"><img loading=\"lazy\" decoding=\"async\" class=\"wp-image-559 aligncenter\" src=\"https:\/\/www.bronmotos.fr\/wp-content\/uploads\/2013\/10\/seb-bernard-007-e1486939880109-667x1000.jpg\" alt=\"\" width=\"220\" height=\"329\" srcset=\"https:\/\/www.bronmotos.fr\/wp-content\/uploads\/2013\/10\/seb-bernard-007-e1486939880109-667x1000.jpg 667w, https:\/\/www.bronmotos.fr\/wp-content\/uploads\/2013\/10\/seb-bernard-007-e1486939880109-768x1152.jpg 768w\" sizes=\"auto, (max-width: 220px) 100vw, 220px\" \/>\r\n<p><img loading=\"lazy\" decoding=\"async\" class=\"size-full wp-image-1646 aligncenter\" src=\"https:\/\/www.bronmotos.fr\/wp-content\/uploads\/2020\/12\/atelier-2.jpg\" alt=\"\" width=\"322\" height=\"156\" \/><\/p>\r\n<\/figure>\r\n<\/div>\r\n\r\n\r\n\r\n<div class=\"wp-block-image\">\r\n<figure class=\"aligncenter size-large is-resized\"><img loading=\"lazy\" decoding=\"async\" class=\"wp-image-989 aligncenter\" src=\"https:\/\/www.bronmotos.fr\/wp-content\/uploads\/2016\/02\/IMG_1759-964x720.jpg\" alt=\"\" width=\"218\" height=\"163\" \/><\/figure>\r\n<\/div>\r\n\r\n\r\n\r\n<div class=\"wp-block-image\">\r\n<figure class=\"aligncenter size-large is-resized\"><img loading=\"lazy\" decoding=\"async\" class=\"wp-image-573 aligncenter\" src=\"https:\/\/www.bronmotos.fr\/wp-content\/uploads\/2013\/11\/ales-e1486925472152.jpg\" alt=\"\" width=\"217\" height=\"163\" \/><\/figure>\r\n<\/div>\r\n","protected":false},"excerpt":{"rendered":"<p>Bron Motos a \u00e9t\u00e9 cr\u00e9\u00e9 le 17 Mars 2011. A l&rsquo;initiative de Bron Motos, il y a\u00a0 G\u00e9rard Poupault, fondateur et passionn\u00e9 de 2 roues&#8230;Voil\u00e0 r\u00e9sum\u00e9es quelques \u00e9tapes de son parcours au service de la moto : Championnat d&rsquo;Europe et&#8230; <a class=\"more-link\" href=\"https:\/\/www.bronmotos.fr\/?page_id=2\">Continue Reading &rarr;<\/a><\/p>\n","protected":false},"author":1,"featured_media":0,"parent":0,"menu_order":0,"comment_status":"closed","ping_status":"closed","template":"","meta":{"ngg_post_thumbnail":0,"footnotes":""},"categories":[],"tags":[],"class_list":["post-2","page","type-page","status-publish","hentry"],"_links":{"self":[{"href":"https:\/\/www.bronmotos.fr\/index.php?rest_route=\/wp\/v2\/pages\/2","targetHints":{"allow":["GET"]}}],"collection":[{"href":"https:\/\/www.bronmotos.fr\/index.php?rest_route=\/wp\/v2\/pages"}],"about":[{"href":"https:\/\/www.bronmotos.fr\/index.php?rest_route=\/wp\/v2\/types\/page"}],"author":[{"embeddable":true,"href":"https:\/\/www.bronmotos.fr\/index.php?rest_route=\/wp\/v2\/users\/1"}],"replies":[{"embeddable":true,"href":"https:\/\/www.bronmotos.fr\/index.php?rest_route=%2Fwp%2Fv2%2Fcomments&post=2"}],"version-history":[{"count":41,"href":"https:\/\/www.bronmotos.fr\/index.php?rest_route=\/wp\/v2\/pages\/2\/revisions"}],"predecessor-version":[{"id":1960,"href":"https:\/\/www.bronmotos.fr\/index.php?rest_route=\/wp\/v2\/pages\/2\/revisions\/1960"}],"wp:attachment":[{"href":"https:\/\/www.bronmotos.fr\/index.php?rest_route=%2Fwp%2Fv2%2Fmedia&parent=2"}],"wp:term":[{"taxonomy":"category","embeddable":true,"href":"https:\/\/www.bronmotos.fr\/index.php?rest_route=%2Fwp%2Fv2%2Fcategories&post=2"},{"taxonomy":"post_tag","embeddable":true,"href":"https:\/\/www.bronmotos.fr\/index.php?rest_route=%2Fwp%2Fv2%2Ftags&post=2"}],"curies":[{"name":"wp","href":"https:\/\/api.w.org\/{rel}","templated":true}]}}