{"id":37,"date":"2013-01-21T23:40:26","date_gmt":"2013-01-21T23:40:26","guid":{"rendered":"http:\/\/www.bronmotos.loc\/?page_id=37"},"modified":"2026-02-10T11:35:36","modified_gmt":"2026-02-10T11:35:36","slug":"accueil","status":"publish","type":"page","link":"https:\/\/www.bronmotos.fr\/","title":{"rendered":"Toujours au service de la moto&#8230;"},"content":{"rendered":"\r\n<h5 style=\"text-align: center;\"><em><img loading=\"lazy\" decoding=\"async\" class=\"wp-image-1934 alignleft\" src=\"https:\/\/www.bronmotos.fr\/wp-content\/uploads\/2021\/01\/Eicma2013-106-e1705945721770.jpg\" alt=\"\" width=\"357\" height=\"251\" srcset=\"https:\/\/www.bronmotos.fr\/wp-content\/uploads\/2021\/01\/Eicma2013-106-e1705945721770.jpg 719w, https:\/\/www.bronmotos.fr\/wp-content\/uploads\/2021\/01\/Eicma2013-106-e1705945721770-600x422.jpg 600w\" sizes=\"auto, (max-width: 357px) 100vw, 357px\" \/><\/em><\/h5>\r\n<p style=\"text-align: left;\">Toujours tr\u00e8s heureux de vous accueillir sur le site de <strong>B<\/strong>ron <strong>m<\/strong>otos, aventure commerciale et m\u00e9canique qui&nbsp; f\u00eatera ses 15 ans en 2026 au service de la moto et tout sp\u00e9cialement des motos Ducati. Bron motos c&rsquo;est <a href=\"https:\/\/www.leprogres.fr\/rhone\/2013\/09\/10\/gerard-poupault-une-passion-vrombissante-pour-la-moto\">G\u00e9rard Poupault<\/a> et G\u00e9rard Poupault c&rsquo;est Bron motos ! Fort de sa longue exp\u00e9rience, aussi bien dans l&rsquo;entretien que dans la pr\u00e9paration des machines, il sera vous accompagner tout au long de votre parcours de motard&#8230;&nbsp;<\/p>\r\n<p style=\"text-align: left;\"><strong>BM<\/strong> vous accueille dans son atelier, <strong>BM<\/strong> pr\u00e9pare un petit \u00e9v\u00e9nement pour f\u00eater ses 15 ans &#8230;&nbsp; &nbsp;<\/p>\r\n<h5 style=\"text-align: center;\"><img loading=\"lazy\" decoding=\"async\" class=\" wp-image-2912\" src=\"https:\/\/www.bronmotos.fr\/wp-content\/uploads\/2023\/07\/ZARCO-chez-Gege-leger.jpg\" alt=\"\" width=\"283\" height=\"378\" srcset=\"https:\/\/www.bronmotos.fr\/wp-content\/uploads\/2023\/07\/ZARCO-chez-Gege-leger.jpg 768w, https:\/\/www.bronmotos.fr\/wp-content\/uploads\/2023\/07\/ZARCO-chez-Gege-leger-750x1000.jpg 750w, https:\/\/www.bronmotos.fr\/wp-content\/uploads\/2023\/07\/ZARCO-chez-Gege-leger-600x800.jpg 600w\" sizes=\"auto, (max-width: 283px) 100vw, 283px\" \/><\/h5>\r\n<p style=\"text-align: center;\"><em>Merci de t\u00e9l\u00e9phoner avant de vous d\u00e9placer au 06 12 01 63 37<\/em><\/p>\r\n<p style=\"text-align: center;\"><em>Vous pouvez prendre contact avec BRON MOTOS par courriel \u00e0 l&rsquo;adresse <a href=\"mailto:bron.motos@gmail.com\" data-type=\"mailto\" data-id=\"mailto:bron.motos@gmail.com\">bron.motos@gmail.com<\/a><\/em><\/p>\r\n<p style=\"text-align: center;\">2<\/p>\r\n\r\n\r\n\r\n<figure id=\"Bron-Motos\" class=\"wp-block-gallery columns-2 is-cropped wp-block-gallery-1 is-layout-flex wp-block-gallery-is-layout-flex\">\r\n<p style=\"text-align: center;\"><strong>&nbsp;<\/strong><\/p>\r\n<figure><\/figure>\r\n<figure><\/figure>\r\n<figure><\/figure>\r\n<figure><\/figure>\r\n<figure><\/figure>\r\n<figure><\/figure>\r\n<figure><\/figure>\r\n<\/figure>\r\n\r\n\r\n\r\n<p style=\"text-align: center;\">&nbsp;<\/p>\r\n<p>&nbsp;<\/p>\r\n<p>&nbsp;<\/p>\r\n<p>&nbsp;<\/p>\r\n\r\n\r\n","protected":false},"excerpt":{"rendered":"<p>Toujours tr\u00e8s heureux de vous accueillir sur le site de Bron motos, aventure commerciale et m\u00e9canique qui&nbsp; f\u00eatera ses 15 ans en 2026 au service de la moto et tout sp\u00e9cialement des motos Ducati. Bron motos c&rsquo;est G\u00e9rard Poupault et&#8230; <a class=\"more-link\" href=\"https:\/\/www.bronmotos.fr\/\">Continue Reading &rarr;<\/a><\/p>\n","protected":false},"author":1,"featured_media":0,"parent":0,"menu_order":0,"comment_status":"closed","ping_status":"closed","template":"","meta":{"ngg_post_thumbnail":0,"footnotes":""},"categories":[127],"tags":[129,130],"class_list":["post-37","page","type-page","status-publish","hentry","category-actualites","tag-motos-ducati","tag-pieces-detachees-ducati"],"_links":{"self":[{"href":"https:\/\/www.bronmotos.fr\/index.php?rest_route=\/wp\/v2\/pages\/37","targetHints":{"allow":["GET"]}}],"collection":[{"href":"https:\/\/www.bronmotos.fr\/index.php?rest_route=\/wp\/v2\/pages"}],"about":[{"href":"https:\/\/www.bronmotos.fr\/index.php?rest_route=\/wp\/v2\/types\/page"}],"author":[{"embeddable":true,"href":"https:\/\/www.bronmotos.fr\/index.php?rest_route=\/wp\/v2\/users\/1"}],"replies":[{"embeddable":true,"href":"https:\/\/www.bronmotos.fr\/index.php?rest_route=%2Fwp%2Fv2%2Fcomments&post=37"}],"version-history":[{"count":129,"href":"https:\/\/www.bronmotos.fr\/index.php?rest_route=\/wp\/v2\/pages\/37\/revisions"}],"predecessor-version":[{"id":3150,"href":"https:\/\/www.bronmotos.fr\/index.php?rest_route=\/wp\/v2\/pages\/37\/revisions\/3150"}],"wp:attachment":[{"href":"https:\/\/www.bronmotos.fr\/index.php?rest_route=%2Fwp%2Fv2%2Fmedia&parent=37"}],"wp:term":[{"taxonomy":"category","embeddable":true,"href":"https:\/\/www.bronmotos.fr\/index.php?rest_route=%2Fwp%2Fv2%2Fcategories&post=37"},{"taxonomy":"post_tag","embeddable":true,"href":"https:\/\/www.bronmotos.fr\/index.php?rest_route=%2Fwp%2Fv2%2Ftags&post=37"}],"curies":[{"name":"wp","href":"https:\/\/api.w.org\/{rel}","templated":true}]}}